{"id":12,"date":"2012-05-01T20:06:10","date_gmt":"2012-05-01T20:06:10","guid":{"rendered":"http:\/\/www.aujeweb.com\/felimaz\/?page_id=12"},"modified":"2012-05-01T20:06:10","modified_gmt":"2012-05-01T20:06:10","slug":"programa-de-actividades","status":"publish","type":"page","link":"https:\/\/www.aujeweb.com\/felimaz\/programa-de-actividades\/","title":{"rendered":"Programa de Actividades"},"content":{"rendered":"<p><strong>JUEVES 03 DE MAYO<\/strong><\/p>\n<h4>17:00 Inauguraci\u00f3n <strong>FeliMaz 2012<\/strong><\/h4>\n<ul>\n<li>Preside el <strong>Dr. V\u00edctor Antonio Corrales Burgue\u00f1o<\/strong>,<\/li>\n<li><strong>Rector de la UAS<\/strong><\/li>\n<li>Participa la <strong>Banda Sinf\u00f3nica de la Universidad Aut\u00f3noma<\/strong><\/li>\n<li><strong>de Sinaloa, Unidad Regional Sur<\/strong><\/li>\n<li>Director: <strong>MM<\/strong> <strong>Francisco Gerardo V\u00e1zquez Couret<\/strong><\/li>\n<li>Lugar: Pabell\u00f3n de exposiciones<\/li>\n<\/ul>\n<h4>18:30 Puesta en escena <strong>\u201cLos Cazadores de Acentos Perdidos\u201d<\/strong><\/h4>\n<ul>\n<li>Grupo de Teatro <strong>\u201cFORUM\u201d<\/strong><\/li>\n<li>Lugar: Teatro Universitario<\/li>\n<\/ul>\n<h4>19:30 Presentaci\u00f3n del libro <strong>\u201cNo Desearas\u201d<\/strong><\/h4>\n<ul>\n<li>Autor: <strong>David Martin del Campo<\/strong><\/li>\n<li>Lugar: Pabell\u00f3n de exposiciones<\/li>\n<\/ul>\n<p><strong>VIERNES 04 DE MAYO<\/strong><\/p>\n<h4>9:00 Cuenta Cuentos<\/h4>\n<ul>\n<li>Lugar: Pabell\u00f3n de exposiciones<\/li>\n<\/ul>\n<h4>\u00a09:30 Teatro Gui\u00f1ol<\/h4>\n<ul>\n<li>Lugar: Pabell\u00f3n de exposiciones<\/li>\n<\/ul>\n<p>&nbsp;<\/p>\n<h4>10:00 Presentaci\u00f3n del libro <strong>\u201cSociedad Cultura y Educaci\u00f3n\u00a0<\/strong><strong>en Sinaloa\u201d<\/strong><\/h4>\n<ul>\n<li>Autor: <strong>Segundo Galicia S\u00e1nchez &#8211; Jorge Figueroa Cancino<\/strong><\/li>\n<li>Lugar: Torre Acad\u00e9mica<\/li>\n<\/ul>\n<h4>11:00 Pl\u00e1tica interactiva <strong>\u201cCharlando de Letras con los Ni\u00f1os\u201d<\/strong><\/h4>\n<ul>\n<li>Presentaci\u00f3n del autor de cuentos infantiles <strong>Jos\u00e9 Luis Trueba<\/strong><\/li>\n<li>Lugar: Pabell\u00f3n de exposiciones<\/li>\n<\/ul>\n<h4>11:00 Cuenta Cuentos<\/h4>\n<ul>\n<li>Lugar: Pabell\u00f3n de exposiciones<\/li>\n<\/ul>\n<h4>11:30 Teatro Gui\u00f1ol<\/h4>\n<ul>\n<li>Lugar: Pabell\u00f3n de exposiciones<\/li>\n<\/ul>\n<h4>\u00a016:00 Conferencia interactiva <strong>\u201cCrecer Plenamente\u201d<\/strong><\/h4>\n<ul>\n<li>Imparte: editorial<strong> IBALPE<\/strong><\/li>\n<li>Lugar: Pabell\u00f3n de exposiciones<\/li>\n<\/ul>\n<h4>\u00a017:00 Conferencia interactiva <strong>\u201cCharlando de Letras con los J\u00f3venes\u201d<\/strong><\/h4>\n<ul>\n<li>Imparte: <strong>Jos\u00e9 Luis Trueba<\/strong><\/li>\n<li>Lugar: Pabell\u00f3n de exposiciones<\/li>\n<\/ul>\n<h4>17:00 Baile Folcl\u00f3rico <strong>\u201cEstampas de Veracruz, Jalisco y Sinaloa\u201d<\/strong><\/h4>\n<ul>\n<li>\n<h4>Grupo: \u201c<strong>Grupo Folcl\u00f3rico de la Casa de la Cultura, la Ciencia<\/strong><\/h4>\n<\/li>\n<li><strong>y las Bellas Artes de la UAS\u201d<\/strong><\/li>\n<li>Director <strong>MC Jes\u00fas Manuel L\u00f3pez Cruz<\/strong><\/li>\n<li>Lugar: Teatro Universitario<\/li>\n<\/ul>\n<p>&nbsp;<\/p>\n<h4>18:00 Presentaci\u00f3n del libro <strong>\u201cLa Did\u00e1ctica de la Ingenier\u00eda con\u00a0<\/strong><strong>Apoyo de la Calculadora en la Universidad P\u00fablica\u201d<\/strong><\/h4>\n<ul>\n<li>Autor: <strong>Dr. V\u00edctor Antonio Corrales Burgue\u00f1o y Jos\u00e9 Luis Arcos<\/strong><\/li>\n<li>Lugar: Pabell\u00f3n de exposiciones<\/li>\n<\/ul>\n<p>&nbsp;<\/p>\n<h4>19:30 Presentaci\u00f3n del libro <strong>\u201cEl Otro M\u00e9xico\u201d<\/strong><\/h4>\n<ul>\n<li>Autor: <strong>Ricardo Miguel Raphael de la Madrid<\/strong><\/li>\n<li>Lugar: Pabell\u00f3n de exposiciones<\/li>\n<\/ul>\n<p><strong>SABADO 5 DE MAYO<\/strong><\/p>\n<h4>10:00 <strong>Ceremonia del 139 Aniversario de la fundaci\u00f3n de la UAS<\/strong><\/h4>\n<ul>\n<li>Preside el <strong>Dr. V\u00edctor Antonio Corrales Burgue\u00f1o<\/strong>, <strong>Rector de\u00a0<\/strong><strong>la UAS<\/strong><\/li>\n<li>Participa la <strong>Banda Sinf\u00f3nica de la Universidad Aut\u00f3noma de\u00a0<\/strong><strong>Sinaloa, Unidad Regional Sur<\/strong><\/li>\n<li>Director: <strong>MM<\/strong> <strong>Francisco Gerardo V\u00e1zquez Couret<\/strong><\/li>\n<li>Lugar: Teatro Universitario<\/li>\n<\/ul>\n<h4>11:00 Talleres de Desarrollo Infantil desde las 11:00 y hasta las 17:00<\/h4>\n<ul>\n<li>Grupo <strong>\u201cOmego Funny\u201d y \u201cMonchi \u2013 In\u201d<\/strong><\/li>\n<li>Lugar: Pabell\u00f3n de exposiciones<\/li>\n<\/ul>\n<h4>11:00 Presentaci\u00f3n del libro: <strong>Prisma M\u00e1gico de Lectura Po\u00e9tica<\/strong><\/h4>\n<ul>\n<li>Autor: <strong>Dr. Gilberto Galindo Hern\u00e1ndez<\/strong><\/li>\n<li>Lugar: Pabell\u00f3n de exposiciones<\/li>\n<\/ul>\n<h4>12:00 Teatro Gui\u00f1ol<\/h4>\n<ul>\n<li>Lugar: Pabell\u00f3n de exposiciones<\/li>\n<\/ul>\n<h4>\u00a012:00 Taller <strong>\u201cFomento a la Lectura para Padres y Maestros\u201d<\/strong><\/h4>\n<ul>\n<li>Imparte: <strong>Jos\u00e9 Luis Trueba<\/strong><\/li>\n<li>Lugar: Torre Acad\u00e9mica<\/li>\n<\/ul>\n<h4>13:00 Presentaci\u00f3n del libro: <strong>Prisma M\u00e1gico de Lectura Po\u00e9tica<\/strong><\/h4>\n<ul>\n<li>Autor: <strong>Dr. Gilberto Galindo Hern\u00e1ndez<\/strong><\/li>\n<li>Lugar: Pabell\u00f3n de exposiciones<\/li>\n<\/ul>\n<h4>\u00a014:00 Teatro Gui\u00f1ol<\/h4>\n<ul>\n<li>Lugar: Pabell\u00f3n de exposiciones<\/li>\n<\/ul>\n<h4>16:00 Teatro Gui\u00f1ol<\/h4>\n<ul>\n<li>Lugar: Pabell\u00f3n de exposiciones<\/li>\n<\/ul>\n<h4>17:00 Presentaci\u00f3n musical<\/h4>\n<ul>\n<li>Grupo: \u201c<strong>Conjunto Cl\u00e1sico de Cuerdas\u201d<\/strong><\/li>\n<li>Lugar: Pabell\u00f3n de exposiciones<\/li>\n<\/ul>\n<h4>18:00 Presentaci\u00f3n del libro <strong>\u201cLa Conspiraci\u00f3n\u201d<\/strong><\/h4>\n<ul>\n<li>Autor: <strong>Jos\u00e9 Luis Trueba<\/strong><\/li>\n<li>Lugar: Pabell\u00f3n de exposiciones<\/li>\n<\/ul>\n<h4>19:30 Presentaci\u00f3n del libro <strong>\u201cEl Arte de Perdurar\u201d<\/strong><\/h4>\n<ul>\n<li>Autor: <strong>Hugo Hiriart<\/strong><\/li>\n<li>Lugar: Pabell\u00f3n de exposiciones<\/li>\n<\/ul>\n<p><strong>DOMINGO 6 DE MAYO<\/strong><\/p>\n<h4><strong><\/strong>11:00 Talleres de Desarrollo Infantil desde las 11:00 y hasta las 18:00<\/h4>\n<ul>\n<li>Grupo <strong>\u201cOmego Funny\u201d y \u201cMonchi \u2013 In\u201d<\/strong><\/li>\n<li>Lugar: Pabell\u00f3n de exposiciones<\/li>\n<\/ul>\n<h4>\u00a011:00 Presentaci\u00f3n del libro: <strong>Prisma M\u00e1gico de Lectura Po\u00e9tica<\/strong><\/h4>\n<ul>\n<li>Autor: <strong>Dr. Gilberto Galindo Hern\u00e1ndez<\/strong><\/li>\n<li>Lugar: Pabell\u00f3n de exposiciones<\/li>\n<\/ul>\n<h4>12:00 Teatro Infantil: Grupo Rinc\u00f3n de Urias de la escuela primaria\u00a0Leona Vicario<\/h4>\n<ul>\n<li>Director: <strong>Mtro.<\/strong> <strong>Gaspar Velarde<\/strong><\/li>\n<li>Lugar: Pabell\u00f3n de exposiciones<\/li>\n<\/ul>\n<h4>13:00 Presentaci\u00f3n del libro <strong>\u201cLos Juegos de Ximena\u201d<\/strong><\/h4>\n<ul>\n<li>Autor: <strong>Mtra.<\/strong> <strong>Julieta Montero<\/strong><\/li>\n<li>Comentaristas: <strong>Mtra. Guadalupe Veneranda y\u00a0<\/strong><strong>Mtro. Gaspar Velarde<\/strong><\/li>\n<li>Lugar: Pabell\u00f3n de exposiciones<\/li>\n<\/ul>\n<h4>14:00 Presentaci\u00f3n del libro: <strong>Prisma M\u00e1gico de Lectura Po\u00e9tica<\/strong><\/h4>\n<ul>\n<li>Autor: <strong>Dr.<\/strong> <strong>Gilberto Galindo Hern\u00e1ndez<\/strong><\/li>\n<li>Lugar: Pabell\u00f3n de exposiciones<\/li>\n<\/ul>\n<h4>16:00 Teatro Gui\u00f1ol<\/h4>\n<ul>\n<li>Lugar: Pabell\u00f3n de exposiciones<\/li>\n<\/ul>\n<h4>\u00a017:00 Baile Folcl\u00f3rico <strong>\u201cQue me Siga la Tambora\u201d<\/strong><\/h4>\n<ul>\n<li>Grupo: \u201c<strong>Folcl\u00f3rico Mexicano ECAM &#8211; UAS\u201d<\/strong><\/li>\n<li>Director <strong>Ram\u00f3n Escutia<\/strong><\/li>\n<li>Lugar: Pabell\u00f3n de exposiciones<\/li>\n<\/ul>\n<h4>18:00 Presentaci\u00f3n Baile Flamenco<\/h4>\n<ul>\n<li>Grupo <strong>\u201cMirabras\u201d<\/strong><\/li>\n<li>Lugar: Pabell\u00f3n de exposiciones<\/li>\n<\/ul>\n<h4>19:00 Presentaci\u00f3n del libro: <strong>Galaxy Limited Caf\u00e9<\/strong><\/h4>\n<ul>\n<li>Autor: <strong>Jos\u00e9 Eugenio S\u00e1nchez<\/strong><\/li>\n<li>Lugar: Pabell\u00f3n de exposiciones<\/li>\n<\/ul>\n<p><strong>LUNES 7 DE MAYO<\/strong><\/p>\n<h4>9:00 Cuenta Cuentos<\/h4>\n<ul>\n<li>Lugar: Pabell\u00f3n de exposiciones<\/li>\n<\/ul>\n<h4>9:30 Teatro Gui\u00f1ol<\/h4>\n<ul>\n<li>Lugar: Pabell\u00f3n de exposiciones<\/li>\n<\/ul>\n<h4>10:00 Presentaci\u00f3n del libro <strong>\u201cNuevas Vacaciones y Proyectos\u00a0<\/strong><strong>Productivos: El Impacto de las Obras de Infraestructura.\u201d<\/strong><\/h4>\n<ul>\n<li>Autor<strong>: Jorge Rafael Figueroa Elenes<\/strong><\/li>\n<li>Lugar: Torre Acad\u00e9mica<\/li>\n<\/ul>\n<h4>10:00 Cuenta Cuentos<\/h4>\n<ul>\n<li>Lugar: Pabell\u00f3n de exposiciones<\/li>\n<\/ul>\n<h4>10:30 Teatro Gui\u00f1ol<\/h4>\n<ul>\n<li>Lugar: Pabell\u00f3n de exposiciones<\/li>\n<\/ul>\n<h4>\u00a011:00 Presentaci\u00f3n del libro <strong>\u201cResponsabilidad Social, Corporativa\u00a0<\/strong><strong>y Horticultura\u201d<\/strong><\/h4>\n<ul>\n<li>Autor: <strong>Guillermina Verdugo L\u00f3pez<\/strong><\/li>\n<li>Lugar: Torre Acad\u00e9mica<\/li>\n<\/ul>\n<h4>11:00 Cuenta Cuentos<\/h4>\n<ul>\n<li>Lugar: Pabell\u00f3n de exposiciones<\/li>\n<\/ul>\n<h4>11:30 Teatro Gui\u00f1ol<\/h4>\n<ul>\n<li>Lugar: Pabell\u00f3n de exposiciones<\/li>\n<\/ul>\n<h4>16:00 Presentaci\u00f3n Muestra de Danza Contempor\u00e1nea<\/h4>\n<ul>\n<li>Grupo: <strong>Academia de Danza<\/strong> <strong>\u201cSoul Dance\u201d<\/strong><\/li>\n<li>Director: <strong>Jos\u00e9 Ernesto Hern\u00e1ndez Crespo<\/strong><\/li>\n<li>Lugar: Pabell\u00f3n de exposiciones<\/li>\n<\/ul>\n<h4>17:00 Presentaci\u00f3n del libro <strong>\u201cFuentes Renovables de Energ\u00eda\u00a0<\/strong><strong>y Desarrollo Sustentable\u201d<\/strong><\/h4>\n<ul>\n<li>Autor: <strong>Dr. Manuel Mart\u00ednez Fern\u00e1ndez<\/strong><\/li>\n<li>Lugar: Pabell\u00f3n de exposiciones<\/li>\n<\/ul>\n<h4>18:00 Teatro <strong>\u201c2 de Chejov con final de fiesta\u201d\u00a0<\/strong><strong>\u201cEl da\u00f1o que hace el tabaco\u201d\u00a0<\/strong><strong>\u201cPetici\u00f3n de Mano\u201d<\/strong><\/h4>\n<ul>\n<li>Grupo: <strong>Protidur-maz.mex.<\/strong><\/li>\n<li>Director: <strong>Mtro. Castoeugenio Crus\u00e1nchez<\/strong><\/li>\n<li>Lugar: Pabell\u00f3n de exposiciones<\/li>\n<\/ul>\n<h4>\u00a019:30 Presentaci\u00f3n del libro <strong>\u201cSiete Caminos de Sangre\u201d<\/strong><\/h4>\n<h4>Autor: <strong>Eduardo Antonio Parra \/ Antolog\u00eda de Autores Sinaloenses<\/strong><\/h4>\n<ul>\n<li>Lugar: Pabell\u00f3n de exposiciones<\/li>\n<\/ul>\n<p><strong>MARTES 8 DE MAYO<\/strong><\/p>\n<h4>9:00 Inauguraci\u00f3n \u201c<strong>Expo Elige tu Profesi\u00f3n Educar por Sinaloa\u201d<\/strong><\/h4>\n<ul>\n<li>Lugar: Teatro Universitario<\/li>\n<\/ul>\n<h4>9:30 Conferencia <strong>Expo Elige tu Profesi\u00f3n Educar por Sinaloa<\/strong><\/h4>\n<ul>\n<li>Lugar: Teatro Universitario<\/li>\n<\/ul>\n<h4>9:00 Cuenta Cuentos<\/h4>\n<ul>\n<li>Lugar: Pabell\u00f3n de exposiciones<\/li>\n<\/ul>\n<h4>9:30 Teatro Gui\u00f1ol<\/h4>\n<ul>\n<li>Lugar: Pabell\u00f3n de exposiciones<\/li>\n<\/ul>\n<h4>10:00 Presentaci\u00f3n del libro <strong>\u201cCact\u00e1ceas de Sinaloa\u201d<\/strong><\/h4>\n<ul>\n<li>Autor<strong>: Sergio Octavio Valle Espinoza<\/strong><\/li>\n<li>Lugar: Torre Acad\u00e9mica<\/li>\n<\/ul>\n<h4>\u00a010:00 Cuenta Cuentos<\/h4>\n<ul>\n<li>Lugar: Pabell\u00f3n de exposiciones<\/li>\n<\/ul>\n<h4>10:30 Teatro Gui\u00f1ol<\/h4>\n<ul>\n<li>Lugar: Pabell\u00f3n de exposiciones<\/li>\n<\/ul>\n<h4>11:00 Presentaci\u00f3n del libro <strong>\u201cEl Pa\u00eds de los Insectos\u201d<\/strong><\/h4>\n<ul>\n<li>Autor: <strong>Alfonso Cornejo Galindo<\/strong><\/li>\n<li>Lugar: Torre Acad\u00e9mica<\/li>\n<\/ul>\n<h4>\u00a011:00 Cuenta Cuentos<\/h4>\n<ul>\n<li>Lugar: Pabell\u00f3n de exposiciones<\/li>\n<\/ul>\n<h4>11:30 Teatro Gui\u00f1ol<\/h4>\n<ul>\n<li>Lugar: Pabell\u00f3n de exposiciones<\/li>\n<\/ul>\n<h4>12:00 Presentaci\u00f3n del libro <strong>\u201cLa Llave de su Reino\u201d<\/strong><\/h4>\n<ul>\n<li>Autor: J<strong>avier Vel\u00e1zquez<\/strong><\/li>\n<li>Lugar: Torre Acad\u00e9mica<\/li>\n<\/ul>\n<h4>16:00 Conferencia interactiva <strong>\u201cCrecer Plenamente\u201d<\/strong><\/h4>\n<ul>\n<li>Imparte: editorial<strong> IBALPE<\/strong><\/li>\n<li>Lugar: Pabell\u00f3n de exposiciones<\/li>\n<\/ul>\n<h4>17:00 Presentaci\u00f3n del libro <strong>\u201cNoche Buena en tu Cuerpo\u201d<\/strong><\/h4>\n<ul>\n<li>Autor: <strong>Claudia Victoria Guillen Rodr\u00edguez<\/strong><\/li>\n<li>Lugar: Pabell\u00f3n de exposiciones<\/li>\n<\/ul>\n<h4>17:00 Conferencia <strong>\u201cEl poeta: Multiplicador de Progresos\u201d<\/strong><\/h4>\n<ul>\n<li>Imparte: Fernando Alarriba y Mois\u00e9s Vega<\/li>\n<li>Lugar: Torre Acad\u00e9mica<\/li>\n<\/ul>\n<h4>18:00 Presentaci\u00f3n del libro <strong>\u201cSASALPA Arcubia Muri\u00f3 de Frio\u201d<\/strong><\/h4>\n<ul>\n<li>Autor: <strong>Feliciano Castro Melendrez<\/strong><\/li>\n<li>Lugar: Pabell\u00f3n de exposiciones<\/li>\n<\/ul>\n<h4>19:00 Presentaci\u00f3n musical: <strong>\u201cRitmo y M\u00e1s\u201d<\/strong><\/h4>\n<ul>\n<li>Grupo: <strong>Percusiones del CMA del Instituto Municipal de<\/strong><\/li>\n<li><strong>Turismo, Cultura y Arte de Mazatl\u00e1n<\/strong><\/li>\n<li>Lugar: Teatro Universitario<\/li>\n<\/ul>\n<h4>19:00 Presentaci\u00f3n del libro <strong>\u201cLos Retos de la Energ\u00eda y el Futuro\u00a0<\/strong><strong>de M\u00e9xico\u201d<\/strong><\/h4>\n<ul>\n<li>Autor: <strong>Dr. Ren\u00e1n B\u00e1ez Cantellano\u00a0<\/strong><\/li>\n<li>Lugar: Torre Acad\u00e9mica<\/li>\n<\/ul>\n<h4>\u00a019:30 Presentaci\u00f3n del libro <strong>\u201cExtra\u00f1a Urdimbre\u201d<\/strong><\/h4>\n<ul>\n<li>Autor: <strong>Oscar Liera<\/strong><\/li>\n<li>Lugar: Pabell\u00f3n de exposiciones<\/li>\n<\/ul>\n<p><strong>MIERCOLES 9 DE MAYO<\/strong><\/p>\n<h4>9:00 Cuenta Cuentos<\/h4>\n<ul>\n<li>\n<h4>Lugar: Pabell\u00f3n de exposiciones<\/h4>\n<\/li>\n<\/ul>\n<h4>9:30 Teatro Gui\u00f1ol<\/h4>\n<ul>\n<li>Lugar: Pabell\u00f3n de exposiciones<\/li>\n<\/ul>\n<h4>10:00 Presentaci\u00f3n del libro <strong>\u201cCopo de Algod\u00f3n\u201d<\/strong><\/h4>\n<ul>\n<li>\n<h4>Autor: <strong>Mar\u00eda Garc\u00eda Esper\u00f3n<\/strong><\/h4>\n<\/li>\n<li>Lugar: Pabell\u00f3n de exposiciones<\/li>\n<\/ul>\n<h4>11:00 Cuenta Cuentos<\/h4>\n<ul>\n<li>Lugar: Pabell\u00f3n de exposiciones<\/li>\n<\/ul>\n<h4>11:00 Presentaci\u00f3n del libro <strong>\u201cLa Muerta Tibieza de los Bosques\u201d<\/strong><\/h4>\n<ul>\n<li>\n<h4>Autor: <strong>Andrea Zanzotto<\/strong><\/h4>\n<\/li>\n<li>Lugar: Torre Acad\u00e9mica<\/li>\n<\/ul>\n<h4>\u00a011:30 Teatro Gui\u00f1ol<\/h4>\n<ul>\n<li>Lugar: Pabell\u00f3n de exposiciones<\/li>\n<\/ul>\n<h4>\u00a016:00 Conferencia interactiva <strong>\u201cCrecer Plenamente\u201d<\/strong><\/h4>\n<h4>Imparte: editorial<strong> IBALPE<\/strong><\/h4>\n<ul>\n<li>Lugar: Pabell\u00f3n de exposiciones<\/li>\n<\/ul>\n<h4>17:00 Puesta en escena<strong> \u201cCapit\u00e1n Bombastico\u201d<\/strong><\/h4>\n<ul>\n<li>Grupo: <strong>\u201cFORUM\u201d<\/strong><\/li>\n<li>Director: <strong>Mtra. Eva Audelo<\/strong><\/li>\n<li>Lugar: Pabell\u00f3n de exposiciones<\/li>\n<\/ul>\n<h4>17:00 Taller para Profesores de Secundaria <strong>\u201cVoz y Mirada\u201d<\/strong><\/h4>\n<ul>\n<li>Imparte: <strong>Mar\u00eda Garc\u00eda Esper\u00f3n<\/strong><\/li>\n<li>Lugar: Torre Acad\u00e9mica<\/li>\n<\/ul>\n<h4>18:00 Clausura \u201c<strong>Expo Elige tu Profesi\u00f3n Educar por Sinaloa\u201d<\/strong><\/h4>\n<ul>\n<li>Participa: <strong>Banda Sinf\u00f3nica de la Universidad Aut\u00f3noma de<\/strong><\/li>\n<li><strong>Sinaloa, Unidad Regional Sur<\/strong><\/li>\n<li>Director: <strong>MM<\/strong> <strong>Francisco Gerardo V\u00e1zquez Couret<\/strong><\/li>\n<li>Lugar: Teatro Universitario<\/li>\n<\/ul>\n<h4>\u00a018:30 Presentaci\u00f3n del libro <strong>\u201cEl Cantante de Muertos\u201d<\/strong><\/h4>\n<ul>\n<li>Autor: <strong>Antonio Ramos Revillas<\/strong><\/li>\n<li>Lugar: Pabell\u00f3n de exposiciones<\/li>\n<\/ul>\n<h4>18:30 Presentaci\u00f3n del libro <strong>\u201cBalance Energ\u00e9tico del\u00a0<\/strong><strong>Transporte en el D.F.\u201d<\/strong><\/h4>\n<ul>\n<li>Autor: <strong>Mtro. Juan Carlos Rodr\u00edguez Diaz<\/strong><\/li>\n<li>Lugar: Torre Acad\u00e9mica<\/li>\n<\/ul>\n<h4>\u00a019:30 Presentaci\u00f3n del libro <strong>\u201cCampo Alaska\u201d<\/strong><\/h4>\n<ul>\n<li>Autor: <strong>Jos\u00e9 Javier Villarreal<\/strong><\/li>\n<li>Lugar: Pabell\u00f3n de exposiciones<\/li>\n<\/ul>\n<p>&nbsp;<\/p>\n<p><strong>JUEVES 10 DE MAYO<\/strong><\/p>\n<h4><strong><\/strong>10:00 Talleres de Desarrollo Infantil desde las 10:00 y hasta las 17:00\u00a0Grupo <strong>\u201cOmego Funny\u201d y \u201cMonchi \u2013 In\u201d<\/strong><\/h4>\n<ul>\n<li>Lugar: Pabell\u00f3n de exposiciones<\/li>\n<\/ul>\n<h4>\u00a010:00 Teatro Gui\u00f1ol<\/h4>\n<ul>\n<li>Lugar: Pabell\u00f3n de exposiciones<\/li>\n<\/ul>\n<h4>\u00a011:00 Espect\u00e1culo musical <strong>\u201cMa\u00f1anitas a las Madres\u201d<\/strong><\/h4>\n<ul>\n<li>Grupo: <strong>Rondalla Voces y Cuerdas del Ma\u00f1ana<\/strong><\/li>\n<li>Lugar: Pabell\u00f3n de exposiciones<\/li>\n<\/ul>\n<h4>\u00a012:00 Espect\u00e1culo musical <strong>\u201cDanza \u00e1rabe\u201d<\/strong><\/h4>\n<ul>\n<li>Grupo: <strong>Miura<\/strong><\/li>\n<li>Lugar: Pabell\u00f3n de exposiciones<\/li>\n<\/ul>\n<h4>16:00 Espect\u00e1culo musical <strong>\u201cRegalo a las Madres\u201d<\/strong><\/h4>\n<ul>\n<li>Grupo: <strong>Rondalla Voces y Cuerdas del Ma\u00f1ana<\/strong><\/li>\n<li>Lugar: Pabell\u00f3n de exposiciones<\/li>\n<\/ul>\n<h4>17:00 Puesta en escena del Monologo <strong>\u201cFrida Kahlo\u201d<\/strong><\/h4>\n<ul>\n<li>Actriz: <strong>Ana Alicia Salas<\/strong><\/li>\n<li>Lugar: Pabell\u00f3n de exposiciones<\/li>\n<\/ul>\n<h4>18:00 Presentaci\u00f3n del libro <strong>\u201cProsa sin que\u201d<\/strong><\/h4>\n<ul>\n<li>Autor: <strong>Minerva Margarita Villarreal<\/strong><\/li>\n<li>Lugar: Pabell\u00f3n de exposiciones<\/li>\n<\/ul>\n<h4>19:00 Presentaci\u00f3n del libro <strong>\u201cSo\u00f1ando Despierta\u201d<\/strong><\/h4>\n<ul>\n<li>Autor: <strong>Carla Medina<\/strong><\/li>\n<li>Lugar: Pabell\u00f3n de exposiciones<\/li>\n<\/ul>\n<p><strong>VIERNES 11 DE MAYO<\/strong><\/p>\n<h4>9:00 Cuenta Cuentos<\/h4>\n<ul>\n<li>Lugar: Pabell\u00f3n de exposiciones<\/li>\n<\/ul>\n<h4>9:30 Teatro Gui\u00f1ol<\/h4>\n<ul>\n<li>Lugar: Pabell\u00f3n de exposiciones<\/li>\n<\/ul>\n<h4>10:00 Puesta en escena Teatro Infantil <strong>\u201cAdaptaci\u00f3n sobre Cuentos\u201d<\/strong><\/h4>\n<ul>\n<li>Grupo:<strong> \u201cConsejo Estatal Electoral\u201d<\/strong><\/li>\n<li>Director: \u201c<strong>Alfredo Vergara\u201d<\/strong><\/li>\n<li>Lugar: Teatro Universitario<\/li>\n<\/ul>\n<h4>10:00 Cuenta Cuentos<\/h4>\n<ul>\n<li>Lugar: Pabell\u00f3n de exposiciones<\/li>\n<\/ul>\n<h4>10:30 Teatro Gui\u00f1ol<\/h4>\n<ul>\n<li>Lugar: Pabell\u00f3n de exposiciones<\/li>\n<\/ul>\n<h4>11:00 Presentaci\u00f3n del libro <strong>\u201cUna agenda para M\u00e9xico\u201d<\/strong><\/h4>\n<ul>\n<li>Autor: <strong>Jorge Casta\u00f1eda<\/strong><\/li>\n<li>Lugar: Teatro Universitario<\/li>\n<\/ul>\n<h4>11:00 Cuenta Cuentos<\/h4>\n<ul>\n<li>Lugar: Pabell\u00f3n de exposiciones<\/li>\n<\/ul>\n<h4>11:30 Teatro Gui\u00f1ol<\/h4>\n<ul>\n<li>Lugar: Pabell\u00f3n de exposiciones<\/li>\n<\/ul>\n<h4>\u00a017:00 Espect\u00e1culo de cierre <strong>\u201cEstampas de Veracruz, Jalisco y Sinaloa\u201d<\/strong><\/h4>\n<ul>\n<li>Grupo:<strong> Banda sinf\u00f3nica de la Universidad Aut\u00f3noma de Sinaloa,\u00a0<\/strong><strong>Unidad Regional Sur<\/strong><\/li>\n<li>Director: <strong>MM<\/strong> <strong>Francisco Gerardo V\u00e1zquez Couret<\/strong><\/li>\n<li>Grupo: \u201c<strong>Grupo Folcl\u00f3rico de la Casa de la Cultura, la Ciencia y<\/strong><\/li>\n<li><strong>las Bellas Artes de la UAS\u201d<\/strong><\/li>\n<li>Director <strong>M.C. Jes\u00fas Manuel L\u00f3pez Cruz<\/strong><\/li>\n<li>Lugar: Pabell\u00f3n de exposiciones<\/li>\n<\/ul>\n<h4>18:30 Clausura FELIMAZ 2012 por el C. <strong>Dr. V\u00edctor Antonio Corrales\u00a0<\/strong><strong>Burgue\u00f1o<\/strong>, <strong>Rector UAS<\/strong><\/h4>\n<ul>\n<li>Lugar: Pabell\u00f3n de exposiciones<\/li>\n<\/ul>\n<p><span class=\"Apple-style-span\" style=\"font-size: 14px; line-height: 22px;\">19:00 \u00a0 Presentaci\u00f3n del libro <strong>\u201cCentenario de la UNAM: Estado\u00a0<\/strong><strong>y Universidad Nacional. 100 a\u00f1os de Conciliaciones y Rupturas\u201d<\/strong><\/span><\/p>\n<h4><\/h4>\n<ul>\n<li>Autor: <strong>Dr.<\/strong> <strong>Salvador Mart\u00ednez Della Rocca<\/strong><\/li>\n<li>Lugar: Teatro Universitario<\/li>\n<\/ul>\n<h4><strong><br \/>\n<\/strong><\/h4>\n","protected":false},"excerpt":{"rendered":"<p>JUEVES 03 DE MAYO 17:00 Inauguraci\u00f3n FeliMaz 2012 Preside el Dr. V\u00edctor Antonio Corrales Burgue\u00f1o, Rector de la UAS Participa la Banda Sinf\u00f3nica de la Universidad Aut\u00f3noma de Sinaloa, Unidad Regional Sur Director: MM Francisco Gerardo V\u00e1zquez Couret Lugar: Pabell\u00f3n &hellip; <a href=\"https:\/\/www.aujeweb.com\/felimaz\/programa-de-actividades\/\">Continue reading <span class=\"meta-nav\">&rarr;<\/span><\/a><\/p>\n","protected":false},"author":1,"featured_media":0,"parent":0,"menu_order":0,"comment_status":"closed","ping_status":"closed","template":"","meta":{"footnotes":""},"class_list":["post-12","page","type-page","status-publish","hentry"],"_links":{"self":[{"href":"https:\/\/www.aujeweb.com\/felimaz\/wp-json\/wp\/v2\/pages\/12","targetHints":{"allow":["GET"]}}],"collection":[{"href":"https:\/\/www.aujeweb.com\/felimaz\/wp-json\/wp\/v2\/pages"}],"about":[{"href":"https:\/\/www.aujeweb.com\/felimaz\/wp-json\/wp\/v2\/types\/page"}],"author":[{"embeddable":true,"href":"https:\/\/www.aujeweb.com\/felimaz\/wp-json\/wp\/v2\/users\/1"}],"replies":[{"embeddable":true,"href":"https:\/\/www.aujeweb.com\/felimaz\/wp-json\/wp\/v2\/comments?post=12"}],"version-history":[{"count":2,"href":"https:\/\/www.aujeweb.com\/felimaz\/wp-json\/wp\/v2\/pages\/12\/revisions"}],"predecessor-version":[{"id":14,"href":"https:\/\/www.aujeweb.com\/felimaz\/wp-json\/wp\/v2\/pages\/12\/revisions\/14"}],"wp:attachment":[{"href":"https:\/\/www.aujeweb.com\/felimaz\/wp-json\/wp\/v2\/media?parent=12"}],"curies":[{"name":"wp","href":"https:\/\/api.w.org\/{rel}","templated":true}]}}