{"id":2,"date":"2012-04-20T18:56:18","date_gmt":"2012-04-20T18:56:18","guid":{"rendered":"http:\/\/www.aujeweb.com\/felimaz\/?page_id=2"},"modified":"2012-05-01T18:46:28","modified_gmt":"2012-05-01T18:46:28","slug":"sample-page","status":"publish","type":"page","link":"https:\/\/www.aujeweb.com\/felimaz\/sample-page\/","title":{"rendered":"Acerca de"},"content":{"rendered":"<p>Uno de los grandes retos de la educaci\u00f3n en nuestro pa\u00eds es el de fomentar en los ni\u00f1os y j\u00f3venes, el h\u00e1bito de la lectura, por ello, la <strong>Universidad Aut\u00f3noma de Sinaloa<\/strong>, a\u00f1o con a\u00f1o organiza la <strong>Feria del Libro en Mazatl\u00e1n<\/strong>, cumpliendo as\u00ed con uno de sus objetivos primordiales, la <strong>Difusi\u00f3n de la Cultura.<\/strong><\/p>\n<p><strong><\/strong>Este magno evento, que se<strong> <\/strong>realizar\u00e1 del <strong>3 al 11 de mayo<\/strong> del 2012, contribuye en la formaci\u00f3n de la comunidad mazatleca y<\/p>\n<p>la del estado de Sinaloa, participando en ella todos los sectores de la sociedad.<\/p>\n<p>Para esta nueva edici\u00f3n de la <strong>Gran Fiesta del Libro, las Letras y las Bellas Artes de Mazatl\u00e1n<\/strong>, la <strong>Universidad Aut\u00f3noma de<\/strong><\/p>\n<p><strong>Sinaloa <\/strong>abre las puertas de su Campus en esta ciudad, brindando a los asistentes un ambiente agradable en amplias y confortables instalaciones que cuentan con aire acondicionado, seguridad y \u00e1reas de estacionamiento. En ellas podr\u00e1n participar ni\u00f1os,<\/p>\n<p>j\u00f3venes y adultos, ya que este evento cuenta con actividades culturales y programas art\u00edsticos para todas las edades y gustos.<\/p>\n<p>\u00a1Vive plenamente leyendo!<\/p>\n","protected":false},"excerpt":{"rendered":"<p>Uno de los grandes retos de la educaci\u00f3n en nuestro pa\u00eds es el de fomentar en los ni\u00f1os y j\u00f3venes, el h\u00e1bito de la lectura, por ello, la Universidad Aut\u00f3noma de Sinaloa, a\u00f1o con a\u00f1o organiza la Feria del Libro &hellip; <a href=\"https:\/\/www.aujeweb.com\/felimaz\/sample-page\/\">Continue reading <span class=\"meta-nav\">&rarr;<\/span><\/a><\/p>\n","protected":false},"author":1,"featured_media":0,"parent":0,"menu_order":0,"comment_status":"open","ping_status":"open","template":"","meta":{"footnotes":""},"class_list":["post-2","page","type-page","status-publish","hentry"],"_links":{"self":[{"href":"https:\/\/www.aujeweb.com\/felimaz\/wp-json\/wp\/v2\/pages\/2","targetHints":{"allow":["GET"]}}],"collection":[{"href":"https:\/\/www.aujeweb.com\/felimaz\/wp-json\/wp\/v2\/pages"}],"about":[{"href":"https:\/\/www.aujeweb.com\/felimaz\/wp-json\/wp\/v2\/types\/page"}],"author":[{"embeddable":true,"href":"https:\/\/www.aujeweb.com\/felimaz\/wp-json\/wp\/v2\/users\/1"}],"replies":[{"embeddable":true,"href":"https:\/\/www.aujeweb.com\/felimaz\/wp-json\/wp\/v2\/comments?post=2"}],"version-history":[{"count":3,"href":"https:\/\/www.aujeweb.com\/felimaz\/wp-json\/wp\/v2\/pages\/2\/revisions"}],"predecessor-version":[{"id":5,"href":"https:\/\/www.aujeweb.com\/felimaz\/wp-json\/wp\/v2\/pages\/2\/revisions\/5"}],"wp:attachment":[{"href":"https:\/\/www.aujeweb.com\/felimaz\/wp-json\/wp\/v2\/media?parent=2"}],"curies":[{"name":"wp","href":"https:\/\/api.w.org\/{rel}","templated":true}]}}